{"id":451,"date":"2018-02-02T00:03:31","date_gmt":"2018-02-01T23:03:31","guid":{"rendered":"https:\/\/www.nuovacagifer.it\/servizi\/"},"modified":"2024-03-13T20:10:14","modified_gmt":"2024-03-13T19:10:14","slug":"dienstleistungen","status":"publish","type":"page","link":"https:\/\/www.nuovacagifer.it\/de\/dienstleistungen\/","title":{"rendered":"Dienstleistungen"},"content":{"rendered":"\n<h2 class=\"wp-block-heading\">Die Innovation eines Start-ups mit 40 Jahren Erfahrung<\/h2>\n\n\n\n<p>Die strategische Entscheidung, <strong>die Produktion stark zu diversifizieren<\/strong>.<\/p>\n\n\n\n<p>Unser Angebot wird auf eine Vielzahl von Sektoren ausgerichtet, hat ein <strong>\u00fcbergreifendes Know-how <\/strong>innerhalb des Unternehmens, das uns heute erm\u00f6glicht, ein proaktiver Partner und nicht nur ein Unterlieferant mit \u00fcber drei\u00dfigj\u00e4hriger <strong>Treue<\/strong>, zu unseren Hauptkunden zu sein.<\/p>\n\n\n\n<h2 class=\"wp-block-heading\">Unser Plus: Auf alle Anforderungen eingehen<\/h2>\n\n\n\n<p>Die bei der <strong>Industrialisierung neuer Produkte und Systeme<\/strong> gesammelten Erfahrungen, sowie die im Rahmen von <strong>Kostenreduzierung<\/strong> erworbenen Methoden erm\u00f6glichen uns, unseren Kunden und Partnern einen Wettbewerbsvorteil zu bieten.<\/p>\n\n\n\n<p>Das Unternehmen ist ebenfalls f\u00fcr die Verwaltung von <strong>Entwicklungsdienstleistungen in Outsourcing <\/strong>strukturiert, sowie <strong>elektrische Systeme und Software<\/strong>, f\u00fcr:<\/p>\n\n\n\n<p>&#8211; die Entwicklung und Umsetzung von Maschinenteilen<\/p>\n\n\n\n<p>&#8211; industrielle Automatisierungsl\u00f6sungen<\/p>\n\n\n\n<p>&#8211; einschlie\u00dflich Montage und Pr\u00fcfung<\/p>\n\n\n\n<p>Die extreme <strong>Flexibilit\u00e4t<\/strong>, die uns auszeichnet, gemeinsam mit einem Digitalisierungspfad, erm\u00f6glicht es uns, qualifizierte Lieferanten f\u00fcr das <strong>Ersatzteilmanagement<\/strong> f\u00fcr die Logistikzentren unserer internationalen Kunden zu sein.<\/p>\n","protected":false},"excerpt":{"rendered":"<p>Die Innovation eines Start-ups mit 40 Jahren Erfahrung Die strategische Entscheidung, die Produktion stark zu diversifizieren. Unser Angebot wird auf eine Vielzahl von Sektoren ausgerichtet, hat ein \u00fcbergreifendes Know-how innerhalb des Unternehmens, das uns heute erm\u00f6glicht, ein proaktiver Partner und nicht nur ein Unterlieferant mit \u00fcber drei\u00dfigj\u00e4hriger Treue, zu unseren Hauptkunden zu sein. Unser Plus: [&hellip;]<\/p>\n","protected":false},"author":2,"featured_media":0,"parent":0,"menu_order":12,"comment_status":"closed","ping_status":"closed","template":"","meta":{"_acf_changed":false,"_monsterinsights_skip_tracking":false,"_monsterinsights_sitenote_active":false,"_monsterinsights_sitenote_note":"","_monsterinsights_sitenote_category":0,"footnotes":""},"class_list":["post-451","page","type-page","status-publish","hentry"],"acf":[],"yoast_head":"<!-- This site is optimized with the Yoast SEO plugin v23.0 - https:\/\/yoast.com\/wordpress\/plugins\/seo\/ -->\n<title>Dienstleistungen - Nuova Cagifer<\/title>\n<meta name=\"description\" content=\"Dank unseres \u00fcbergreifenden Know-hows sind wir ein proaktiver Partner und nicht nur ein Unterlieferant. Unsere Hauptkunden sind uns seit \u00fcber 30 Jahren treu.\" \/>\n<meta name=\"robots\" content=\"index, follow, max-snippet:-1, max-image-preview:large, max-video-preview:-1\" \/>\n<link rel=\"canonical\" href=\"https:\/\/www.nuovacagifer.it\/de\/dienstleistungen\/\" \/>\n<meta property=\"og:locale\" content=\"de_DE\" \/>\n<meta property=\"og:type\" content=\"article\" \/>\n<meta property=\"og:title\" content=\"Dienstleistungen - Nuova Cagifer\" \/>\n<meta property=\"og:description\" content=\"Dank unseres \u00fcbergreifenden Know-hows sind wir ein proaktiver Partner und nicht nur ein Unterlieferant. Unsere Hauptkunden sind uns seit \u00fcber 30 Jahren treu.\" \/>\n<meta property=\"og:url\" content=\"https:\/\/www.nuovacagifer.it\/de\/dienstleistungen\/\" \/>\n<meta property=\"og:site_name\" content=\"Nuova Cagifer\" \/>\n<meta property=\"article:modified_time\" content=\"2024-03-13T19:10:14+00:00\" \/>\n<meta name=\"twitter:card\" content=\"summary_large_image\" \/>\n<meta name=\"twitter:label1\" content=\"Gesch\u00e4tzte Lesezeit\" \/>\n\t<meta name=\"twitter:data1\" content=\"1\u00a0Minute\" \/>\n<script type=\"application\/ld+json\" class=\"yoast-schema-graph\">{\"@context\":\"https:\/\/schema.org\",\"@graph\":[{\"@type\":\"WebPage\",\"@id\":\"https:\/\/www.nuovacagifer.it\/de\/dienstleistungen\/\",\"url\":\"https:\/\/www.nuovacagifer.it\/de\/dienstleistungen\/\",\"name\":\"Dienstleistungen - Nuova Cagifer\",\"isPartOf\":{\"@id\":\"https:\/\/www.nuovacagifer.it\/de\/#website\"},\"datePublished\":\"2018-02-01T23:03:31+00:00\",\"dateModified\":\"2024-03-13T19:10:14+00:00\",\"description\":\"Dank unseres \u00fcbergreifenden Know-hows sind wir ein proaktiver Partner und nicht nur ein Unterlieferant. Unsere Hauptkunden sind uns seit \u00fcber 30 Jahren treu.\",\"breadcrumb\":{\"@id\":\"https:\/\/www.nuovacagifer.it\/de\/dienstleistungen\/#breadcrumb\"},\"inLanguage\":\"de\",\"potentialAction\":[{\"@type\":\"ReadAction\",\"target\":[\"https:\/\/www.nuovacagifer.it\/de\/dienstleistungen\/\"]}]},{\"@type\":\"BreadcrumbList\",\"@id\":\"https:\/\/www.nuovacagifer.it\/de\/dienstleistungen\/#breadcrumb\",\"itemListElement\":[{\"@type\":\"ListItem\",\"position\":1,\"name\":\"Home\",\"item\":\"https:\/\/www.nuovacagifer.it\/de\/homepage\/\"},{\"@type\":\"ListItem\",\"position\":2,\"name\":\"Dienstleistungen\"}]},{\"@type\":\"WebSite\",\"@id\":\"https:\/\/www.nuovacagifer.it\/de\/#website\",\"url\":\"https:\/\/www.nuovacagifer.it\/de\/\",\"name\":\"Nuova Cagifer\",\"description\":\"\",\"publisher\":{\"@id\":\"https:\/\/www.nuovacagifer.it\/de\/#organization\"},\"potentialAction\":[{\"@type\":\"SearchAction\",\"target\":{\"@type\":\"EntryPoint\",\"urlTemplate\":\"https:\/\/www.nuovacagifer.it\/de\/?s={search_term_string}\"},\"query-input\":\"required name=search_term_string\"}],\"inLanguage\":\"de\"},{\"@type\":\"Organization\",\"@id\":\"https:\/\/www.nuovacagifer.it\/de\/#organization\",\"name\":\"Nuova Cagifer\",\"url\":\"https:\/\/www.nuovacagifer.it\/de\/\",\"logo\":{\"@type\":\"ImageObject\",\"inLanguage\":\"de\",\"@id\":\"https:\/\/www.nuovacagifer.it\/de\/#\/schema\/logo\/image\/\",\"url\":\"https:\/\/www.nuovacagifer.it\/wp-content\/uploads\/2019\/03\/Logo-Nuova-Cagifer.png\",\"contentUrl\":\"https:\/\/www.nuovacagifer.it\/wp-content\/uploads\/2019\/03\/Logo-Nuova-Cagifer.png\",\"width\":2764,\"height\":848,\"caption\":\"Nuova Cagifer\"},\"image\":{\"@id\":\"https:\/\/www.nuovacagifer.it\/de\/#\/schema\/logo\/image\/\"},\"sameAs\":[\"https:\/\/www.linkedin.com\/company\/nuova-cagifer\/\"]}]}<\/script>\n<!-- \/ Yoast SEO plugin. -->","yoast_head_json":{"title":"Dienstleistungen - Nuova Cagifer","description":"Dank unseres \u00fcbergreifenden Know-hows sind wir ein proaktiver Partner und nicht nur ein Unterlieferant. Unsere Hauptkunden sind uns seit \u00fcber 30 Jahren treu.","robots":{"index":"index","follow":"follow","max-snippet":"max-snippet:-1","max-image-preview":"max-image-preview:large","max-video-preview":"max-video-preview:-1"},"canonical":"https:\/\/www.nuovacagifer.it\/de\/dienstleistungen\/","og_locale":"de_DE","og_type":"article","og_title":"Dienstleistungen - Nuova Cagifer","og_description":"Dank unseres \u00fcbergreifenden Know-hows sind wir ein proaktiver Partner und nicht nur ein Unterlieferant. Unsere Hauptkunden sind uns seit \u00fcber 30 Jahren treu.","og_url":"https:\/\/www.nuovacagifer.it\/de\/dienstleistungen\/","og_site_name":"Nuova Cagifer","article_modified_time":"2024-03-13T19:10:14+00:00","twitter_card":"summary_large_image","twitter_misc":{"Gesch\u00e4tzte Lesezeit":"1\u00a0Minute"},"schema":{"@context":"https:\/\/schema.org","@graph":[{"@type":"WebPage","@id":"https:\/\/www.nuovacagifer.it\/de\/dienstleistungen\/","url":"https:\/\/www.nuovacagifer.it\/de\/dienstleistungen\/","name":"Dienstleistungen - Nuova Cagifer","isPartOf":{"@id":"https:\/\/www.nuovacagifer.it\/de\/#website"},"datePublished":"2018-02-01T23:03:31+00:00","dateModified":"2024-03-13T19:10:14+00:00","description":"Dank unseres \u00fcbergreifenden Know-hows sind wir ein proaktiver Partner und nicht nur ein Unterlieferant. Unsere Hauptkunden sind uns seit \u00fcber 30 Jahren treu.","breadcrumb":{"@id":"https:\/\/www.nuovacagifer.it\/de\/dienstleistungen\/#breadcrumb"},"inLanguage":"de","potentialAction":[{"@type":"ReadAction","target":["https:\/\/www.nuovacagifer.it\/de\/dienstleistungen\/"]}]},{"@type":"BreadcrumbList","@id":"https:\/\/www.nuovacagifer.it\/de\/dienstleistungen\/#breadcrumb","itemListElement":[{"@type":"ListItem","position":1,"name":"Home","item":"https:\/\/www.nuovacagifer.it\/de\/homepage\/"},{"@type":"ListItem","position":2,"name":"Dienstleistungen"}]},{"@type":"WebSite","@id":"https:\/\/www.nuovacagifer.it\/de\/#website","url":"https:\/\/www.nuovacagifer.it\/de\/","name":"Nuova Cagifer","description":"","publisher":{"@id":"https:\/\/www.nuovacagifer.it\/de\/#organization"},"potentialAction":[{"@type":"SearchAction","target":{"@type":"EntryPoint","urlTemplate":"https:\/\/www.nuovacagifer.it\/de\/?s={search_term_string}"},"query-input":"required name=search_term_string"}],"inLanguage":"de"},{"@type":"Organization","@id":"https:\/\/www.nuovacagifer.it\/de\/#organization","name":"Nuova Cagifer","url":"https:\/\/www.nuovacagifer.it\/de\/","logo":{"@type":"ImageObject","inLanguage":"de","@id":"https:\/\/www.nuovacagifer.it\/de\/#\/schema\/logo\/image\/","url":"https:\/\/www.nuovacagifer.it\/wp-content\/uploads\/2019\/03\/Logo-Nuova-Cagifer.png","contentUrl":"https:\/\/www.nuovacagifer.it\/wp-content\/uploads\/2019\/03\/Logo-Nuova-Cagifer.png","width":2764,"height":848,"caption":"Nuova Cagifer"},"image":{"@id":"https:\/\/www.nuovacagifer.it\/de\/#\/schema\/logo\/image\/"},"sameAs":["https:\/\/www.linkedin.com\/company\/nuova-cagifer\/"]}]}},"_links":{"self":[{"href":"https:\/\/www.nuovacagifer.it\/de\/wp-json\/wp\/v2\/pages\/451","targetHints":{"allow":["GET"]}}],"collection":[{"href":"https:\/\/www.nuovacagifer.it\/de\/wp-json\/wp\/v2\/pages"}],"about":[{"href":"https:\/\/www.nuovacagifer.it\/de\/wp-json\/wp\/v2\/types\/page"}],"author":[{"embeddable":true,"href":"https:\/\/www.nuovacagifer.it\/de\/wp-json\/wp\/v2\/users\/2"}],"replies":[{"embeddable":true,"href":"https:\/\/www.nuovacagifer.it\/de\/wp-json\/wp\/v2\/comments?post=451"}],"version-history":[{"count":2,"href":"https:\/\/www.nuovacagifer.it\/de\/wp-json\/wp\/v2\/pages\/451\/revisions"}],"predecessor-version":[{"id":501,"href":"https:\/\/www.nuovacagifer.it\/de\/wp-json\/wp\/v2\/pages\/451\/revisions\/501"}],"wp:attachment":[{"href":"https:\/\/www.nuovacagifer.it\/de\/wp-json\/wp\/v2\/media?parent=451"}],"curies":[{"name":"wp","href":"https:\/\/api.w.org\/{rel}","templated":true}]}}