{"id":445,"date":"2018-02-02T00:03:21","date_gmt":"2018-02-01T23:03:21","guid":{"rendered":"https:\/\/www.nuovacagifer.it\/lavorazioni\/"},"modified":"2024-03-13T20:10:13","modified_gmt":"2024-03-13T19:10:13","slug":"bearbeitungen","status":"publish","type":"page","link":"https:\/\/www.nuovacagifer.it\/de\/bearbeitungen\/","title":{"rendered":"Bearbeitungen"},"content":{"rendered":"\n<h2 class=\"wp-block-heading\">Sch\u00f6nheit und Sorgfalt zum Detail: Unsere St\u00e4rke<\/h2>\n\n\n\n<p>&nbsp;Die im Unternehmen vorhandenen Technische Prozesse:<\/p>\n\n\n\n<p>&#8211; <strong>Schwei\u00dfen<\/strong>,<\/p>\n\n\n\n<p>&#8211; <strong>Drehen, 3, 4 und 5 Achs kontinuierliches CNC-Fr\u00e4sen<\/strong>,<\/p>\n\n\n\n<p>&#8211; <strong>Tiefbohren<\/strong><\/p>\n\n\n\n<p>&#8211; <strong>Schleifen<\/strong><\/p>\n\n\n\n<p>Verwaltung und Steuerung aller erg\u00e4nzenden Prozesse:<\/p>\n\n\n\n<p>&#8211; <strong>W\u00e4rme-<\/strong> und <strong>Oberfl\u00e4chenbehandlungen<\/strong><\/p>\n\n\n\n<p>&#8211; <strong>Beschichtungen<\/strong><\/p>\n\n\n\n<p>Die von uns bearbeiteten <strong>Materialien<\/strong> sind aus:<\/p>\n\n\n\n<p>&#8211; <strong>Eisen-<\/strong> und <strong>Nichteisenmetallen<\/strong><\/p>\n\n\n\n<p>&#8211; in Form von Elektrogeschwei\u00dfte Stahlkonstruktionen<\/p>\n\n\n\n<p>&#8211; Komponente aus dem Vollen<\/p>\n\n\n\n<p>&#8211; Stahl- und Aluminiumgussteile<\/p>\n\n\n\n<p>&#8211; Schmiedeteile<\/p>\n\n\n\n<p>&#8211; Sonderstahl.<\/p>\n\n\n\n<p>Mit der gleichen Sorgfalt und Liebe zum Detail entstehen sowohl <strong>kleine als auch mittelgro\u00dfe Komponenten<\/strong> mit dem Ziel, f\u00fcr Sie echte <strong>Technologiepartner<\/strong> zu sein.<\/p>\n\n\n\n<h2 class=\"wp-block-heading\">Eine schlanke und flexible Struktur<\/h2>\n\n\n\n<p>Das Hauptmerkmal des Unternehmens ist die F\u00e4higkeit, zugleich <strong>hochgradig kundenspezifische Komponenten<\/strong> gem\u00e4\u00df der <strong>Just-in-Time-Produktionslogik<\/strong> zu erstellen und so die Steuerung spezieller Prozesse, W\u00e4rme- oder Oberfl\u00e4chenbehandlungen, sowie von Untergruppenmontagen zu gew\u00e4hrleisten.<\/p>\n","protected":false},"excerpt":{"rendered":"<p>Sch\u00f6nheit und Sorgfalt zum Detail: Unsere St\u00e4rke &nbsp;Die im Unternehmen vorhandenen Technische Prozesse: &#8211; Schwei\u00dfen, &#8211; Drehen, 3, 4 und 5 Achs kontinuierliches CNC-Fr\u00e4sen, &#8211; Tiefbohren &#8211; Schleifen Verwaltung und Steuerung aller erg\u00e4nzenden Prozesse: &#8211; W\u00e4rme- und Oberfl\u00e4chenbehandlungen &#8211; Beschichtungen Die von uns bearbeiteten Materialien sind aus: &#8211; Eisen- und Nichteisenmetallen &#8211; in Form von [&hellip;]<\/p>\n","protected":false},"author":2,"featured_media":0,"parent":0,"menu_order":8,"comment_status":"closed","ping_status":"closed","template":"","meta":{"_acf_changed":false,"_monsterinsights_skip_tracking":false,"_monsterinsights_sitenote_active":false,"_monsterinsights_sitenote_note":"","_monsterinsights_sitenote_category":0,"footnotes":""},"class_list":["post-445","page","type-page","status-publish","hentry"],"acf":[],"yoast_head":"<!-- This site is optimized with the Yoast SEO plugin v23.0 - https:\/\/yoast.com\/wordpress\/plugins\/seo\/ -->\n<title>Bearbeitungen - Nuova Cagifer<\/title>\n<meta name=\"description\" content=\"Sch\u00f6nheit und Sorgfalt zum Detail sind unsere St\u00e4rke. Wir setzen eine Reihe von technologischen Verfahren ein, um ein einsatzbereites Bauteil zu liefern.\" \/>\n<meta name=\"robots\" content=\"index, follow, max-snippet:-1, max-image-preview:large, max-video-preview:-1\" \/>\n<link rel=\"canonical\" href=\"https:\/\/www.nuovacagifer.it\/de\/bearbeitungen\/\" \/>\n<meta property=\"og:locale\" content=\"de_DE\" \/>\n<meta property=\"og:type\" content=\"article\" \/>\n<meta property=\"og:title\" content=\"Bearbeitungen - Nuova Cagifer\" \/>\n<meta property=\"og:description\" content=\"Sch\u00f6nheit und Sorgfalt zum Detail sind unsere St\u00e4rke. Wir setzen eine Reihe von technologischen Verfahren ein, um ein einsatzbereites Bauteil zu liefern.\" \/>\n<meta property=\"og:url\" content=\"https:\/\/www.nuovacagifer.it\/de\/bearbeitungen\/\" \/>\n<meta property=\"og:site_name\" content=\"Nuova Cagifer\" \/>\n<meta property=\"article:modified_time\" content=\"2024-03-13T19:10:13+00:00\" \/>\n<meta name=\"twitter:card\" content=\"summary_large_image\" \/>\n<meta name=\"twitter:label1\" content=\"Gesch\u00e4tzte Lesezeit\" \/>\n\t<meta name=\"twitter:data1\" content=\"1\u00a0Minute\" \/>\n<script type=\"application\/ld+json\" class=\"yoast-schema-graph\">{\"@context\":\"https:\/\/schema.org\",\"@graph\":[{\"@type\":\"WebPage\",\"@id\":\"https:\/\/www.nuovacagifer.it\/de\/bearbeitungen\/\",\"url\":\"https:\/\/www.nuovacagifer.it\/de\/bearbeitungen\/\",\"name\":\"Bearbeitungen - Nuova Cagifer\",\"isPartOf\":{\"@id\":\"https:\/\/www.nuovacagifer.it\/de\/#website\"},\"datePublished\":\"2018-02-01T23:03:21+00:00\",\"dateModified\":\"2024-03-13T19:10:13+00:00\",\"description\":\"Sch\u00f6nheit und Sorgfalt zum Detail sind unsere St\u00e4rke. Wir setzen eine Reihe von technologischen Verfahren ein, um ein einsatzbereites Bauteil zu liefern.\",\"breadcrumb\":{\"@id\":\"https:\/\/www.nuovacagifer.it\/de\/bearbeitungen\/#breadcrumb\"},\"inLanguage\":\"de\",\"potentialAction\":[{\"@type\":\"ReadAction\",\"target\":[\"https:\/\/www.nuovacagifer.it\/de\/bearbeitungen\/\"]}]},{\"@type\":\"BreadcrumbList\",\"@id\":\"https:\/\/www.nuovacagifer.it\/de\/bearbeitungen\/#breadcrumb\",\"itemListElement\":[{\"@type\":\"ListItem\",\"position\":1,\"name\":\"Home\",\"item\":\"https:\/\/www.nuovacagifer.it\/de\/homepage\/\"},{\"@type\":\"ListItem\",\"position\":2,\"name\":\"Bearbeitungen\"}]},{\"@type\":\"WebSite\",\"@id\":\"https:\/\/www.nuovacagifer.it\/de\/#website\",\"url\":\"https:\/\/www.nuovacagifer.it\/de\/\",\"name\":\"Nuova Cagifer\",\"description\":\"\",\"publisher\":{\"@id\":\"https:\/\/www.nuovacagifer.it\/de\/#organization\"},\"potentialAction\":[{\"@type\":\"SearchAction\",\"target\":{\"@type\":\"EntryPoint\",\"urlTemplate\":\"https:\/\/www.nuovacagifer.it\/de\/?s={search_term_string}\"},\"query-input\":\"required name=search_term_string\"}],\"inLanguage\":\"de\"},{\"@type\":\"Organization\",\"@id\":\"https:\/\/www.nuovacagifer.it\/de\/#organization\",\"name\":\"Nuova Cagifer\",\"url\":\"https:\/\/www.nuovacagifer.it\/de\/\",\"logo\":{\"@type\":\"ImageObject\",\"inLanguage\":\"de\",\"@id\":\"https:\/\/www.nuovacagifer.it\/de\/#\/schema\/logo\/image\/\",\"url\":\"https:\/\/www.nuovacagifer.it\/wp-content\/uploads\/2019\/03\/Logo-Nuova-Cagifer.png\",\"contentUrl\":\"https:\/\/www.nuovacagifer.it\/wp-content\/uploads\/2019\/03\/Logo-Nuova-Cagifer.png\",\"width\":2764,\"height\":848,\"caption\":\"Nuova Cagifer\"},\"image\":{\"@id\":\"https:\/\/www.nuovacagifer.it\/de\/#\/schema\/logo\/image\/\"},\"sameAs\":[\"https:\/\/www.linkedin.com\/company\/nuova-cagifer\/\"]}]}<\/script>\n<!-- \/ Yoast SEO plugin. -->","yoast_head_json":{"title":"Bearbeitungen - Nuova Cagifer","description":"Sch\u00f6nheit und Sorgfalt zum Detail sind unsere St\u00e4rke. Wir setzen eine Reihe von technologischen Verfahren ein, um ein einsatzbereites Bauteil zu liefern.","robots":{"index":"index","follow":"follow","max-snippet":"max-snippet:-1","max-image-preview":"max-image-preview:large","max-video-preview":"max-video-preview:-1"},"canonical":"https:\/\/www.nuovacagifer.it\/de\/bearbeitungen\/","og_locale":"de_DE","og_type":"article","og_title":"Bearbeitungen - Nuova Cagifer","og_description":"Sch\u00f6nheit und Sorgfalt zum Detail sind unsere St\u00e4rke. Wir setzen eine Reihe von technologischen Verfahren ein, um ein einsatzbereites Bauteil zu liefern.","og_url":"https:\/\/www.nuovacagifer.it\/de\/bearbeitungen\/","og_site_name":"Nuova Cagifer","article_modified_time":"2024-03-13T19:10:13+00:00","twitter_card":"summary_large_image","twitter_misc":{"Gesch\u00e4tzte Lesezeit":"1\u00a0Minute"},"schema":{"@context":"https:\/\/schema.org","@graph":[{"@type":"WebPage","@id":"https:\/\/www.nuovacagifer.it\/de\/bearbeitungen\/","url":"https:\/\/www.nuovacagifer.it\/de\/bearbeitungen\/","name":"Bearbeitungen - Nuova Cagifer","isPartOf":{"@id":"https:\/\/www.nuovacagifer.it\/de\/#website"},"datePublished":"2018-02-01T23:03:21+00:00","dateModified":"2024-03-13T19:10:13+00:00","description":"Sch\u00f6nheit und Sorgfalt zum Detail sind unsere St\u00e4rke. Wir setzen eine Reihe von technologischen Verfahren ein, um ein einsatzbereites Bauteil zu liefern.","breadcrumb":{"@id":"https:\/\/www.nuovacagifer.it\/de\/bearbeitungen\/#breadcrumb"},"inLanguage":"de","potentialAction":[{"@type":"ReadAction","target":["https:\/\/www.nuovacagifer.it\/de\/bearbeitungen\/"]}]},{"@type":"BreadcrumbList","@id":"https:\/\/www.nuovacagifer.it\/de\/bearbeitungen\/#breadcrumb","itemListElement":[{"@type":"ListItem","position":1,"name":"Home","item":"https:\/\/www.nuovacagifer.it\/de\/homepage\/"},{"@type":"ListItem","position":2,"name":"Bearbeitungen"}]},{"@type":"WebSite","@id":"https:\/\/www.nuovacagifer.it\/de\/#website","url":"https:\/\/www.nuovacagifer.it\/de\/","name":"Nuova Cagifer","description":"","publisher":{"@id":"https:\/\/www.nuovacagifer.it\/de\/#organization"},"potentialAction":[{"@type":"SearchAction","target":{"@type":"EntryPoint","urlTemplate":"https:\/\/www.nuovacagifer.it\/de\/?s={search_term_string}"},"query-input":"required name=search_term_string"}],"inLanguage":"de"},{"@type":"Organization","@id":"https:\/\/www.nuovacagifer.it\/de\/#organization","name":"Nuova Cagifer","url":"https:\/\/www.nuovacagifer.it\/de\/","logo":{"@type":"ImageObject","inLanguage":"de","@id":"https:\/\/www.nuovacagifer.it\/de\/#\/schema\/logo\/image\/","url":"https:\/\/www.nuovacagifer.it\/wp-content\/uploads\/2019\/03\/Logo-Nuova-Cagifer.png","contentUrl":"https:\/\/www.nuovacagifer.it\/wp-content\/uploads\/2019\/03\/Logo-Nuova-Cagifer.png","width":2764,"height":848,"caption":"Nuova Cagifer"},"image":{"@id":"https:\/\/www.nuovacagifer.it\/de\/#\/schema\/logo\/image\/"},"sameAs":["https:\/\/www.linkedin.com\/company\/nuova-cagifer\/"]}]}},"_links":{"self":[{"href":"https:\/\/www.nuovacagifer.it\/de\/wp-json\/wp\/v2\/pages\/445","targetHints":{"allow":["GET"]}}],"collection":[{"href":"https:\/\/www.nuovacagifer.it\/de\/wp-json\/wp\/v2\/pages"}],"about":[{"href":"https:\/\/www.nuovacagifer.it\/de\/wp-json\/wp\/v2\/types\/page"}],"author":[{"embeddable":true,"href":"https:\/\/www.nuovacagifer.it\/de\/wp-json\/wp\/v2\/users\/2"}],"replies":[{"embeddable":true,"href":"https:\/\/www.nuovacagifer.it\/de\/wp-json\/wp\/v2\/comments?post=445"}],"version-history":[{"count":3,"href":"https:\/\/www.nuovacagifer.it\/de\/wp-json\/wp\/v2\/pages\/445\/revisions"}],"predecessor-version":[{"id":498,"href":"https:\/\/www.nuovacagifer.it\/de\/wp-json\/wp\/v2\/pages\/445\/revisions\/498"}],"wp:attachment":[{"href":"https:\/\/www.nuovacagifer.it\/de\/wp-json\/wp\/v2\/media?parent=445"}],"curies":[{"name":"wp","href":"https:\/\/api.w.org\/{rel}","templated":true}]}}