{"id":442,"date":"2018-04-02T20:26:26","date_gmt":"2018-04-02T18:26:26","guid":{"rendered":"https:\/\/www.nuovacagifer.it\/?page_id=442"},"modified":"2024-03-13T20:10:14","modified_gmt":"2024-03-13T19:10:14","slug":"privacy-policy","status":"publish","type":"page","link":"https:\/\/www.nuovacagifer.it\/de\/privacy-policy\/","title":{"rendered":"Privacy policy"},"content":{"rendered":"\n<h2 class=\"wp-block-heading\">Privacy Policy ai sensi del Regolamento Generale sulla Protezione dei Dati (Reg. EU 2016\/679)<\/h2>\n\n\n\n<h3 class=\"wp-block-heading\">TITOLARE DEL TRATTAMENTO DEI DATI<\/h3>\n\n\n\n<p>NUOVA CAGIFER S.R.L., con sede in Via Enrico Mattei 21-23 \u2013 63100 Ascoli Piceno, email <a href=\"mailto:info@nuovacagifer.it\"><strong>info@nuovacagifer.it<\/strong><\/a>, nel seguito \u201cNuova Cagifer\u201d o \u201cTitolare\u201d, in qualit\u00e0 di titolare del trattamento dei dati la informa di quanto segue sul trattamento dei Suoi dati personali, ai sensi dell\u2019art. 13 del Regolamento EU 2016\/679.<\/p>\n\n\n\n<h3 class=\"wp-block-heading\">TIPOLOGIE DI DATI RACCOLTI E NATURA OBBLIGATORIA O FACOLTATIVA A FORNIRLI<\/h3>\n\n\n\n<p>Il sito web <strong>https:\/\/www.nuovacagifer.it<\/strong> raccoglie dati personali che La riguardano. I dati personali raccolti da questo Sito Web, in modo autonomo o tramite terze parti, sono: nome, cognome, e-mail, cookie, dati di utilizzo e indirizzi IP.<br>I dati personali sono liberamente da lei forniti. Tuttavia, nel caso della finalit\u00e0 a) pi\u00f9 avanti descritta, il suo rifiuto a comunicare i dati personali pu\u00f2 comportare l\u2019impossibilit\u00e0 di erogare i servizi da lei richiesti. Se non diversamente specificato, tutti i dati richiesti da questo sito web sono necessari per l\u2019erogazione dei servizi. Nei casi in cui questo sito web indichi alcuni dati come facoltativi, lei \u00e8 libero di astenersi dal comunicare tali dati, senza che ci\u00f2 abbia alcuna conseguenza sulla disponibilit\u00e0 del servizio o sulla sua operativit\u00e0.<\/p>\n\n\n\n<h3 class=\"wp-block-heading\">MODALIT\u00c0 E LUOGO DEL TRATTAMENTO<\/h3>\n\n\n\n<h4 class=\"wp-block-heading\">Modalit\u00e0 di trattamento<\/h4>\n\n\n\n<p>Il Titolare adotta le opportune misure di sicurezza volte ad impedire l\u2019accesso, la divulgazione, la modifica o la distruzione non autorizzate dei Suoi dati personali.<br>Il trattamento viene effettuato mediante strumenti cartacei, informatici e\/o telematici, con modalit\u00e0 organizzative e con logiche strettamente correlate alle finalit\u00e0 indicate. Il trattamento dei dati avverr\u00e0 per mezzo di strumenti e\/o modalit\u00e0 volte ad assicurare la riservatezza e la sicurezza dei dati, nel rispetto dei principi elencati nell\u2019 art. 5 Regolamento EU 2016\/679.<br>Oltre al Titolare, in alcuni casi, potrebbero avere accesso ai dati altri soggetti autorizzati (personale amministrativo, commerciale, marketing, amministratori di sistema ecc.) ovvero soggetti esterni o interni addetti alla manutenzione del sito, designati ove necessario Responsabili esterni del Trattamento ai sensi dell\u2019art. 28 Regolamento EU 2016\/679. L\u2019elenco aggiornato dei Responsabili esterni potr\u00e0 sempre essere richiesto al Titolare del trattamento.<\/p>\n\n\n\n<h4 class=\"wp-block-heading\">Luogo<\/h4>\n\n\n\n<p>I Suoi dati sono trattati presso le sedi operative del Titolare ed in ogni altro luogo in cui le parti coinvolte nel trattamento siano localizzate. I dati personali sono curati solo dal personale tecnico o autorizzati al trattamento dati.<\/p>\n\n\n\n<h3 class=\"wp-block-heading\">FINALIT\u00c0 DEL TRATTAMENTO<\/h3>\n\n\n\n<p>I Suoi dati personali sono raccolti per consentire al Titolare di fornire servizi con le seguenti finalit\u00e0:<br>a) contattare l\u2019utente a seguito di sua richiesta di informazioni (pagina \u201cContatti\u201d);<br>b) svolgimento delle attivit\u00e0 connesse o strumentali all\u2019utilizzo di questo sito web (cookie tecnici).<\/p>\n\n\n\n<h3 class=\"wp-block-heading\">BASI GIURIDICHE DEL TRATTAMENTO<\/h3>\n\n\n\n<p>I Suoi dati personali sono trattati:<br>per la finalit\u00e0 di cui al punto a) ai fini dell\u2019esecuzione di un contratto di cui Lei \u00e8 parte o l\u2019esecuzione di misure precontrattuali su Sua richiesta (art. 6 par. 1 lett. b) Regolamento EU 2016\/679)<br>Per la finalit\u00e0 di cui al punto b) sulla base nel nostro legittimo interesse al fine di assicurare il corretto funzionamento del nostro sito web (art. 6, paragrafo 1, lett. f) del Regolamento EU 2016\/679).<\/p>\n\n\n\n<h3 class=\"wp-block-heading\">CONSERVAZIONE DEI DATI PERSONALI<\/h3>\n\n\n\n<p>I dati sono trattati e conservati per il tempo richiesto dalle finalit\u00e0 per le quali sono stati raccolti.<br>Pertanto:<\/p>\n\n\n\n<ul class=\"wp-block-list\">\n<li>i dati personali raccolti per scopi collegati all\u2019esecuzione di un contratto tra il Titolare e l\u2019utente saranno trattenuti sino a quando sia completata l\u2019esecuzione di tale contratto e\/o delle misure precontrattuali;<\/li>\n\n\n\n<li>i dati personali raccolti per finalit\u00e0 riconducibili all\u2019interesse legittimo del Titolare saranno trattenuti sino al soddisfacimento di tale interesse;<\/li>\n\n\n\n<li>i dati personali trattati sulla base del Suo consenso possono essere conservati pi\u00f9 a lungo sino a quando detto consenso non venga revocato.<\/li>\n<\/ul>\n\n\n\n<p>Al termine del periodo di conservazione, che in casi particolari potrebbe anche essere superiore al termine previsto dall\u2019art. 2220 del cod. civ., i dati personali saranno cancellati.<\/p>\n\n\n\n<h3 class=\"wp-block-heading\">DIRITTI DELL\u2019INTERESSATO<\/h3>\n\n\n\n<p>In qualit\u00e0 di interessato lei pu\u00f2 esercitare i diritti stabiliti dal Regolamento EU 2016\/679 con riferimento ai dati personali trattati dal Titolare. In particolare, ha il diritto di:<\/p>\n\n\n\n<ul class=\"wp-block-list\">\n<li><strong>revocare il consenso in ogni momento (art. 7, paragrafo 3 del GDPR).<\/strong>&nbsp;Lei pu\u00f2 revocare il consenso al trattamento dei propri dati personali precedentemente espresso;<\/li>\n\n\n\n<li><strong>accedere ai suoi dati (art. 15 GDPR).<\/strong>&nbsp;Lei ha diritto ad ottenere informazioni sui dati trattati dal Titolare, su determinati aspetti del trattamento ed a ricevere una copia dei dati trattati;<\/li>\n\n\n\n<li><strong>verificare e chiedere la rettifica dei suoi dati (art. 16 GDPR).<\/strong>&nbsp;Lei pu\u00f2 verificare la correttezza dei propri dati e richiederne l\u2019aggiornamento o la correzione;<\/li>\n\n\n\n<li><strong>ottenere la cancellazione o rimozione dei dati (art. 17 GDPR).<\/strong>&nbsp;Quando ricorrono determinate condizioni, Lei pu\u00f2 richiedere al Titolare la cancellazione dei suoi dati;<\/li>\n\n\n\n<li><strong>ottenere la limitazione del trattamento (art. 18 GDPR).<\/strong>&nbsp;Quando ricorrono determinate condizioni, Lei pu\u00f2 richiedere la limitazione del trattamento dei propri dati;<\/li>\n\n\n\n<li><strong>ricevere una notifica in caso di rettifica, cancellazione o limitazione del trattamento (art. 19 GDPR).<\/strong> Ove ricorra l\u2019interessato dovr\u00e0 ricevere una notifica da parte del titolare per informarlo della rettifica, cancellazione o limitazione del trattamento;<\/li>\n\n\n\n<li><strong>ricevere i suoi dati o farli trasferire ad altro titolare (art. 20 GDPR).<\/strong>&nbsp;Lei ha diritto di ricevere i propri dati in formato strutturato, di uso comune e leggibile da dispositivo automatico e, ove tecnicamente fattibile, di ottenerne il trasferimento senza ostacoli ad un altro titolare. Questa disposizione \u00e8 applicabile quando i dati sono trattati con strumenti automatizzati ed il trattamento \u00e8 basato sul suo consenso o su un contratto;<\/li>\n\n\n\n<li><strong>proporre reclamo (art. 77 GDPR).<\/strong> Lei pu\u00f2 proporre un reclamo all\u2019Autorit\u00e0 di controllo della protezione dei dati personali competente: <a href=\"https:\/\/www.garanteprivacy.it\/\">www.garanteprivacy.it<\/a><\/li>\n<\/ul>\n\n\n\n<h3 class=\"wp-block-heading\">DIRITTO DI OPPOSIZIONE<\/h3>\n\n\n\n<p>Lei pu\u00f2 opporsi al trattamento dei propri dati, quando esso avviene su una base giuridica di cui all\u2019 art. 6 par. 1 lett. e) o f) o qualora i dati personali siano trattati per finalit\u00e0 di marketing diretto, lei ha il diritto di opporsi in qualsiasi momento al trattamento dei dati personali che la riguardano effettuato per tali finalit\u00e0, compresa la profilazione nella misura in cui sia connessa a tale marketing diretto <strong>(art. 21 GDPR)<\/strong>.<\/p>\n\n\n\n<p>Per esercitare i suoi diritti, Lei pu\u00f2 indirizzare in qualsiasi momento una specifica richiesta al Titolare del trattamento ai recapiti sopra indicati.<\/p>\n","protected":false},"excerpt":{"rendered":"<p>Privacy Policy ai sensi del Regolamento Generale sulla Protezione dei Dati (Reg. EU 2016\/679) TITOLARE DEL TRATTAMENTO DEI DATI NUOVA CAGIFER S.R.L., con sede in Via Enrico Mattei 21-23 \u2013 63100 Ascoli Piceno, email info@nuovacagifer.it, nel seguito \u201cNuova Cagifer\u201d o \u201cTitolare\u201d, in qualit\u00e0 di titolare del trattamento dei dati la informa di quanto segue sul [&hellip;]<\/p>\n","protected":false},"author":2,"featured_media":0,"parent":0,"menu_order":23,"comment_status":"closed","ping_status":"closed","template":"","meta":{"_acf_changed":false,"_monsterinsights_skip_tracking":false,"_monsterinsights_sitenote_active":false,"_monsterinsights_sitenote_note":"","_monsterinsights_sitenote_category":0,"footnotes":""},"class_list":["post-442","page","type-page","status-publish","hentry"],"acf":[],"yoast_head":"<!-- This site is optimized with the Yoast SEO plugin v23.0 - https:\/\/yoast.com\/wordpress\/plugins\/seo\/ -->\n<title>Privacy policy - Nuova Cagifer<\/title>\n<meta name=\"robots\" content=\"noindex, follow\" \/>\n<meta property=\"og:locale\" content=\"de_DE\" \/>\n<meta property=\"og:type\" content=\"article\" \/>\n<meta property=\"og:title\" content=\"Privacy policy - Nuova Cagifer\" \/>\n<meta property=\"og:description\" content=\"Privacy Policy ai sensi del Regolamento Generale sulla Protezione dei Dati (Reg. EU 2016\/679) TITOLARE DEL TRATTAMENTO DEI DATI NUOVA CAGIFER S.R.L., con sede in Via Enrico Mattei 21-23 \u2013 63100 Ascoli Piceno, email info@nuovacagifer.it, nel seguito \u201cNuova Cagifer\u201d o \u201cTitolare\u201d, in qualit\u00e0 di titolare del trattamento dei dati la informa di quanto segue sul [&hellip;]\" \/>\n<meta property=\"og:url\" content=\"https:\/\/www.nuovacagifer.it\/de\/privacy-policy\/\" \/>\n<meta property=\"og:site_name\" content=\"Nuova Cagifer\" \/>\n<meta property=\"article:modified_time\" content=\"2024-03-13T19:10:14+00:00\" \/>\n<meta name=\"twitter:card\" content=\"summary_large_image\" \/>\n<meta name=\"twitter:label1\" content=\"Gesch\u00e4tzte Lesezeit\" \/>\n\t<meta name=\"twitter:data1\" content=\"5\u00a0Minuten\" \/>\n<script type=\"application\/ld+json\" class=\"yoast-schema-graph\">{\"@context\":\"https:\/\/schema.org\",\"@graph\":[{\"@type\":\"WebPage\",\"@id\":\"https:\/\/www.nuovacagifer.it\/de\/privacy-policy\/\",\"url\":\"https:\/\/www.nuovacagifer.it\/de\/privacy-policy\/\",\"name\":\"Privacy policy - Nuova Cagifer\",\"isPartOf\":{\"@id\":\"https:\/\/www.nuovacagifer.it\/de\/#website\"},\"datePublished\":\"2018-04-02T18:26:26+00:00\",\"dateModified\":\"2024-03-13T19:10:14+00:00\",\"breadcrumb\":{\"@id\":\"https:\/\/www.nuovacagifer.it\/de\/privacy-policy\/#breadcrumb\"},\"inLanguage\":\"de\",\"potentialAction\":[{\"@type\":\"ReadAction\",\"target\":[\"https:\/\/www.nuovacagifer.it\/de\/privacy-policy\/\"]}]},{\"@type\":\"BreadcrumbList\",\"@id\":\"https:\/\/www.nuovacagifer.it\/de\/privacy-policy\/#breadcrumb\",\"itemListElement\":[{\"@type\":\"ListItem\",\"position\":1,\"name\":\"Home\",\"item\":\"https:\/\/www.nuovacagifer.it\/de\/homepage\/\"},{\"@type\":\"ListItem\",\"position\":2,\"name\":\"Privacy policy\"}]},{\"@type\":\"WebSite\",\"@id\":\"https:\/\/www.nuovacagifer.it\/de\/#website\",\"url\":\"https:\/\/www.nuovacagifer.it\/de\/\",\"name\":\"Nuova Cagifer\",\"description\":\"\",\"publisher\":{\"@id\":\"https:\/\/www.nuovacagifer.it\/de\/#organization\"},\"potentialAction\":[{\"@type\":\"SearchAction\",\"target\":{\"@type\":\"EntryPoint\",\"urlTemplate\":\"https:\/\/www.nuovacagifer.it\/de\/?s={search_term_string}\"},\"query-input\":\"required name=search_term_string\"}],\"inLanguage\":\"de\"},{\"@type\":\"Organization\",\"@id\":\"https:\/\/www.nuovacagifer.it\/de\/#organization\",\"name\":\"Nuova Cagifer\",\"url\":\"https:\/\/www.nuovacagifer.it\/de\/\",\"logo\":{\"@type\":\"ImageObject\",\"inLanguage\":\"de\",\"@id\":\"https:\/\/www.nuovacagifer.it\/de\/#\/schema\/logo\/image\/\",\"url\":\"https:\/\/www.nuovacagifer.it\/wp-content\/uploads\/2019\/03\/Logo-Nuova-Cagifer.png\",\"contentUrl\":\"https:\/\/www.nuovacagifer.it\/wp-content\/uploads\/2019\/03\/Logo-Nuova-Cagifer.png\",\"width\":2764,\"height\":848,\"caption\":\"Nuova Cagifer\"},\"image\":{\"@id\":\"https:\/\/www.nuovacagifer.it\/de\/#\/schema\/logo\/image\/\"},\"sameAs\":[\"https:\/\/www.linkedin.com\/company\/nuova-cagifer\/\"]}]}<\/script>\n<!-- \/ Yoast SEO plugin. -->","yoast_head_json":{"title":"Privacy policy - Nuova Cagifer","robots":{"index":"noindex","follow":"follow"},"og_locale":"de_DE","og_type":"article","og_title":"Privacy policy - Nuova Cagifer","og_description":"Privacy Policy ai sensi del Regolamento Generale sulla Protezione dei Dati (Reg. EU 2016\/679) TITOLARE DEL TRATTAMENTO DEI DATI NUOVA CAGIFER S.R.L., con sede in Via Enrico Mattei 21-23 \u2013 63100 Ascoli Piceno, email info@nuovacagifer.it, nel seguito \u201cNuova Cagifer\u201d o \u201cTitolare\u201d, in qualit\u00e0 di titolare del trattamento dei dati la informa di quanto segue sul [&hellip;]","og_url":"https:\/\/www.nuovacagifer.it\/de\/privacy-policy\/","og_site_name":"Nuova Cagifer","article_modified_time":"2024-03-13T19:10:14+00:00","twitter_card":"summary_large_image","twitter_misc":{"Gesch\u00e4tzte Lesezeit":"5\u00a0Minuten"},"schema":{"@context":"https:\/\/schema.org","@graph":[{"@type":"WebPage","@id":"https:\/\/www.nuovacagifer.it\/de\/privacy-policy\/","url":"https:\/\/www.nuovacagifer.it\/de\/privacy-policy\/","name":"Privacy policy - Nuova Cagifer","isPartOf":{"@id":"https:\/\/www.nuovacagifer.it\/de\/#website"},"datePublished":"2018-04-02T18:26:26+00:00","dateModified":"2024-03-13T19:10:14+00:00","breadcrumb":{"@id":"https:\/\/www.nuovacagifer.it\/de\/privacy-policy\/#breadcrumb"},"inLanguage":"de","potentialAction":[{"@type":"ReadAction","target":["https:\/\/www.nuovacagifer.it\/de\/privacy-policy\/"]}]},{"@type":"BreadcrumbList","@id":"https:\/\/www.nuovacagifer.it\/de\/privacy-policy\/#breadcrumb","itemListElement":[{"@type":"ListItem","position":1,"name":"Home","item":"https:\/\/www.nuovacagifer.it\/de\/homepage\/"},{"@type":"ListItem","position":2,"name":"Privacy policy"}]},{"@type":"WebSite","@id":"https:\/\/www.nuovacagifer.it\/de\/#website","url":"https:\/\/www.nuovacagifer.it\/de\/","name":"Nuova Cagifer","description":"","publisher":{"@id":"https:\/\/www.nuovacagifer.it\/de\/#organization"},"potentialAction":[{"@type":"SearchAction","target":{"@type":"EntryPoint","urlTemplate":"https:\/\/www.nuovacagifer.it\/de\/?s={search_term_string}"},"query-input":"required name=search_term_string"}],"inLanguage":"de"},{"@type":"Organization","@id":"https:\/\/www.nuovacagifer.it\/de\/#organization","name":"Nuova Cagifer","url":"https:\/\/www.nuovacagifer.it\/de\/","logo":{"@type":"ImageObject","inLanguage":"de","@id":"https:\/\/www.nuovacagifer.it\/de\/#\/schema\/logo\/image\/","url":"https:\/\/www.nuovacagifer.it\/wp-content\/uploads\/2019\/03\/Logo-Nuova-Cagifer.png","contentUrl":"https:\/\/www.nuovacagifer.it\/wp-content\/uploads\/2019\/03\/Logo-Nuova-Cagifer.png","width":2764,"height":848,"caption":"Nuova Cagifer"},"image":{"@id":"https:\/\/www.nuovacagifer.it\/de\/#\/schema\/logo\/image\/"},"sameAs":["https:\/\/www.linkedin.com\/company\/nuova-cagifer\/"]}]}},"_links":{"self":[{"href":"https:\/\/www.nuovacagifer.it\/de\/wp-json\/wp\/v2\/pages\/442","targetHints":{"allow":["GET"]}}],"collection":[{"href":"https:\/\/www.nuovacagifer.it\/de\/wp-json\/wp\/v2\/pages"}],"about":[{"href":"https:\/\/www.nuovacagifer.it\/de\/wp-json\/wp\/v2\/types\/page"}],"author":[{"embeddable":true,"href":"https:\/\/www.nuovacagifer.it\/de\/wp-json\/wp\/v2\/users\/2"}],"replies":[{"embeddable":true,"href":"https:\/\/www.nuovacagifer.it\/de\/wp-json\/wp\/v2\/comments?post=442"}],"version-history":[{"count":2,"href":"https:\/\/www.nuovacagifer.it\/de\/wp-json\/wp\/v2\/pages\/442\/revisions"}],"predecessor-version":[{"id":519,"href":"https:\/\/www.nuovacagifer.it\/de\/wp-json\/wp\/v2\/pages\/442\/revisions\/519"}],"wp:attachment":[{"href":"https:\/\/www.nuovacagifer.it\/de\/wp-json\/wp\/v2\/media?parent=442"}],"curies":[{"name":"wp","href":"https:\/\/api.w.org\/{rel}","templated":true}]}}