{"id":380,"date":"2018-02-02T00:03:06","date_gmt":"2018-02-01T23:03:06","guid":{"rendered":"https:\/\/www.nuovacagifer.it\/company\/"},"modified":"2024-03-13T20:10:13","modified_gmt":"2024-03-13T19:10:13","slug":"ueber-uns","status":"publish","type":"page","link":"https:\/\/www.nuovacagifer.it\/de\/ueber-uns\/","title":{"rendered":"\u00dcber uns"},"content":{"rendered":"\n<h2 class=\"wp-block-heading\">Seit 1979 fertigen wir mechanische Komponenten<\/h2>\n\n\n\n<p><strong>Nuova Cagifer<\/strong> wurde 1979 gegr\u00fcndet und fertigt h\u00f6chstpr\u00e4zise Komponenten, Unterbaugruppen, Fertigungslinien, sowie Prototypen oder Benutzerdefinierte Systeme f\u00fcr Anlagen oder Industriemaschinen.<\/p>\n\n\n\n<p>Als Unternehmen mit langj\u00e4hriger Erfahrung und fundierten Kompetenzen, bearbeiten wir die unterschiedlichsten Materialien, <strong>zur Herstellung mit h\u00f6chster Flexibilit\u00e4t von Einzelst\u00fccken und mittleren St\u00fcckzahlen<\/strong>. Von Komponenten aus dem Vollen gefr\u00e4st \u00fcber, Elektrogeschwei\u00dfte Stahlkonstruktionen, Stahl- und Aluminiumgussteile, Schmiedeteile.<\/p>\n\n\n\n<p>Mit Stolz arbeiten wir f\u00fcr Sektoren wie Personal Care, Lebensmittelindustrie, Beverage, Verpackung, Energie, industrielle Automatisierung, Robotik und der Forschung.<\/p>\n\n\n\n<p>Wir sind mit einem <strong>ISO 9001 Qualit\u00e4tssystem zertifiziert<\/strong>, welches es uns erm\u00f6glicht den h\u00f6chsten Anforderungen, die von Gesch\u00e4ftspartner und Marktf\u00fchrer in den jeweiligen Zielm\u00e4rkten gefordert werden, zu entsprechen.<\/p>\n","protected":false},"excerpt":{"rendered":"<p>Seit 1979 fertigen wir mechanische Komponenten Nuova Cagifer wurde 1979 gegr\u00fcndet und fertigt h\u00f6chstpr\u00e4zise Komponenten, Unterbaugruppen, Fertigungslinien, sowie Prototypen oder Benutzerdefinierte Systeme f\u00fcr Anlagen oder Industriemaschinen. Als Unternehmen mit langj\u00e4hriger Erfahrung und fundierten Kompetenzen, bearbeiten wir die unterschiedlichsten Materialien, zur Herstellung mit h\u00f6chster Flexibilit\u00e4t von Einzelst\u00fccken und mittleren St\u00fcckzahlen. Von Komponenten aus dem Vollen gefr\u00e4st [&hellip;]<\/p>\n","protected":false},"author":2,"featured_media":0,"parent":0,"menu_order":4,"comment_status":"closed","ping_status":"closed","template":"","meta":{"_acf_changed":false,"_monsterinsights_skip_tracking":false,"_monsterinsights_sitenote_active":false,"_monsterinsights_sitenote_note":"","_monsterinsights_sitenote_category":0,"footnotes":""},"class_list":["post-380","page","type-page","status-publish","hentry"],"acf":[],"yoast_head":"<!-- This site is optimized with the Yoast SEO plugin v23.0 - https:\/\/yoast.com\/wordpress\/plugins\/seo\/ -->\n<title>\u00dcber uns - Nuova Cagifer<\/title>\n<meta name=\"description\" content=\"Seit 1979 verarbeiten wir verschiedene Arten von Materialien f\u00fcr Sektoren wie Personal Care, Lebensmittelindustrie, Beverage, Verpackung, Energie, industrielle Automatisierung, Robotik.\" \/>\n<meta name=\"robots\" content=\"index, follow, max-snippet:-1, max-image-preview:large, max-video-preview:-1\" \/>\n<link rel=\"canonical\" href=\"https:\/\/www.nuovacagifer.it\/de\/ueber-uns\/\" \/>\n<meta property=\"og:locale\" content=\"de_DE\" \/>\n<meta property=\"og:type\" content=\"article\" \/>\n<meta property=\"og:title\" content=\"\u00dcber uns - Nuova Cagifer\" \/>\n<meta property=\"og:description\" content=\"Seit 1979 verarbeiten wir verschiedene Arten von Materialien f\u00fcr Sektoren wie Personal Care, Lebensmittelindustrie, Beverage, Verpackung, Energie, industrielle Automatisierung, Robotik.\" \/>\n<meta property=\"og:url\" content=\"https:\/\/www.nuovacagifer.it\/de\/ueber-uns\/\" \/>\n<meta property=\"og:site_name\" content=\"Nuova Cagifer\" \/>\n<meta property=\"article:modified_time\" content=\"2024-03-13T19:10:13+00:00\" \/>\n<meta name=\"twitter:card\" content=\"summary_large_image\" \/>\n<meta name=\"twitter:label1\" content=\"Gesch\u00e4tzte Lesezeit\" \/>\n\t<meta name=\"twitter:data1\" content=\"1\u00a0Minute\" \/>\n<script type=\"application\/ld+json\" class=\"yoast-schema-graph\">{\"@context\":\"https:\/\/schema.org\",\"@graph\":[{\"@type\":\"WebPage\",\"@id\":\"https:\/\/www.nuovacagifer.it\/de\/ueber-uns\/\",\"url\":\"https:\/\/www.nuovacagifer.it\/de\/ueber-uns\/\",\"name\":\"\u00dcber uns - Nuova Cagifer\",\"isPartOf\":{\"@id\":\"https:\/\/www.nuovacagifer.it\/de\/#website\"},\"datePublished\":\"2018-02-01T23:03:06+00:00\",\"dateModified\":\"2024-03-13T19:10:13+00:00\",\"description\":\"Seit 1979 verarbeiten wir verschiedene Arten von Materialien f\u00fcr Sektoren wie Personal Care, Lebensmittelindustrie, Beverage, Verpackung, Energie, industrielle Automatisierung, Robotik.\",\"breadcrumb\":{\"@id\":\"https:\/\/www.nuovacagifer.it\/de\/ueber-uns\/#breadcrumb\"},\"inLanguage\":\"de\",\"potentialAction\":[{\"@type\":\"ReadAction\",\"target\":[\"https:\/\/www.nuovacagifer.it\/de\/ueber-uns\/\"]}]},{\"@type\":\"BreadcrumbList\",\"@id\":\"https:\/\/www.nuovacagifer.it\/de\/ueber-uns\/#breadcrumb\",\"itemListElement\":[{\"@type\":\"ListItem\",\"position\":1,\"name\":\"Home\",\"item\":\"https:\/\/www.nuovacagifer.it\/de\/homepage\/\"},{\"@type\":\"ListItem\",\"position\":2,\"name\":\"\u00dcber uns\"}]},{\"@type\":\"WebSite\",\"@id\":\"https:\/\/www.nuovacagifer.it\/de\/#website\",\"url\":\"https:\/\/www.nuovacagifer.it\/de\/\",\"name\":\"Nuova Cagifer\",\"description\":\"\",\"publisher\":{\"@id\":\"https:\/\/www.nuovacagifer.it\/de\/#organization\"},\"potentialAction\":[{\"@type\":\"SearchAction\",\"target\":{\"@type\":\"EntryPoint\",\"urlTemplate\":\"https:\/\/www.nuovacagifer.it\/de\/?s={search_term_string}\"},\"query-input\":\"required name=search_term_string\"}],\"inLanguage\":\"de\"},{\"@type\":\"Organization\",\"@id\":\"https:\/\/www.nuovacagifer.it\/de\/#organization\",\"name\":\"Nuova Cagifer\",\"url\":\"https:\/\/www.nuovacagifer.it\/de\/\",\"logo\":{\"@type\":\"ImageObject\",\"inLanguage\":\"de\",\"@id\":\"https:\/\/www.nuovacagifer.it\/de\/#\/schema\/logo\/image\/\",\"url\":\"https:\/\/www.nuovacagifer.it\/wp-content\/uploads\/2019\/03\/Logo-Nuova-Cagifer.png\",\"contentUrl\":\"https:\/\/www.nuovacagifer.it\/wp-content\/uploads\/2019\/03\/Logo-Nuova-Cagifer.png\",\"width\":2764,\"height\":848,\"caption\":\"Nuova Cagifer\"},\"image\":{\"@id\":\"https:\/\/www.nuovacagifer.it\/de\/#\/schema\/logo\/image\/\"},\"sameAs\":[\"https:\/\/www.linkedin.com\/company\/nuova-cagifer\/\"]}]}<\/script>\n<!-- \/ Yoast SEO plugin. -->","yoast_head_json":{"title":"\u00dcber uns - Nuova Cagifer","description":"Seit 1979 verarbeiten wir verschiedene Arten von Materialien f\u00fcr Sektoren wie Personal Care, Lebensmittelindustrie, Beverage, Verpackung, Energie, industrielle Automatisierung, Robotik.","robots":{"index":"index","follow":"follow","max-snippet":"max-snippet:-1","max-image-preview":"max-image-preview:large","max-video-preview":"max-video-preview:-1"},"canonical":"https:\/\/www.nuovacagifer.it\/de\/ueber-uns\/","og_locale":"de_DE","og_type":"article","og_title":"\u00dcber uns - Nuova Cagifer","og_description":"Seit 1979 verarbeiten wir verschiedene Arten von Materialien f\u00fcr Sektoren wie Personal Care, Lebensmittelindustrie, Beverage, Verpackung, Energie, industrielle Automatisierung, Robotik.","og_url":"https:\/\/www.nuovacagifer.it\/de\/ueber-uns\/","og_site_name":"Nuova Cagifer","article_modified_time":"2024-03-13T19:10:13+00:00","twitter_card":"summary_large_image","twitter_misc":{"Gesch\u00e4tzte Lesezeit":"1\u00a0Minute"},"schema":{"@context":"https:\/\/schema.org","@graph":[{"@type":"WebPage","@id":"https:\/\/www.nuovacagifer.it\/de\/ueber-uns\/","url":"https:\/\/www.nuovacagifer.it\/de\/ueber-uns\/","name":"\u00dcber uns - Nuova Cagifer","isPartOf":{"@id":"https:\/\/www.nuovacagifer.it\/de\/#website"},"datePublished":"2018-02-01T23:03:06+00:00","dateModified":"2024-03-13T19:10:13+00:00","description":"Seit 1979 verarbeiten wir verschiedene Arten von Materialien f\u00fcr Sektoren wie Personal Care, Lebensmittelindustrie, Beverage, Verpackung, Energie, industrielle Automatisierung, Robotik.","breadcrumb":{"@id":"https:\/\/www.nuovacagifer.it\/de\/ueber-uns\/#breadcrumb"},"inLanguage":"de","potentialAction":[{"@type":"ReadAction","target":["https:\/\/www.nuovacagifer.it\/de\/ueber-uns\/"]}]},{"@type":"BreadcrumbList","@id":"https:\/\/www.nuovacagifer.it\/de\/ueber-uns\/#breadcrumb","itemListElement":[{"@type":"ListItem","position":1,"name":"Home","item":"https:\/\/www.nuovacagifer.it\/de\/homepage\/"},{"@type":"ListItem","position":2,"name":"\u00dcber uns"}]},{"@type":"WebSite","@id":"https:\/\/www.nuovacagifer.it\/de\/#website","url":"https:\/\/www.nuovacagifer.it\/de\/","name":"Nuova Cagifer","description":"","publisher":{"@id":"https:\/\/www.nuovacagifer.it\/de\/#organization"},"potentialAction":[{"@type":"SearchAction","target":{"@type":"EntryPoint","urlTemplate":"https:\/\/www.nuovacagifer.it\/de\/?s={search_term_string}"},"query-input":"required name=search_term_string"}],"inLanguage":"de"},{"@type":"Organization","@id":"https:\/\/www.nuovacagifer.it\/de\/#organization","name":"Nuova Cagifer","url":"https:\/\/www.nuovacagifer.it\/de\/","logo":{"@type":"ImageObject","inLanguage":"de","@id":"https:\/\/www.nuovacagifer.it\/de\/#\/schema\/logo\/image\/","url":"https:\/\/www.nuovacagifer.it\/wp-content\/uploads\/2019\/03\/Logo-Nuova-Cagifer.png","contentUrl":"https:\/\/www.nuovacagifer.it\/wp-content\/uploads\/2019\/03\/Logo-Nuova-Cagifer.png","width":2764,"height":848,"caption":"Nuova Cagifer"},"image":{"@id":"https:\/\/www.nuovacagifer.it\/de\/#\/schema\/logo\/image\/"},"sameAs":["https:\/\/www.linkedin.com\/company\/nuova-cagifer\/"]}]}},"_links":{"self":[{"href":"https:\/\/www.nuovacagifer.it\/de\/wp-json\/wp\/v2\/pages\/380","targetHints":{"allow":["GET"]}}],"collection":[{"href":"https:\/\/www.nuovacagifer.it\/de\/wp-json\/wp\/v2\/pages"}],"about":[{"href":"https:\/\/www.nuovacagifer.it\/de\/wp-json\/wp\/v2\/types\/page"}],"author":[{"embeddable":true,"href":"https:\/\/www.nuovacagifer.it\/de\/wp-json\/wp\/v2\/users\/2"}],"replies":[{"embeddable":true,"href":"https:\/\/www.nuovacagifer.it\/de\/wp-json\/wp\/v2\/comments?post=380"}],"version-history":[{"count":3,"href":"https:\/\/www.nuovacagifer.it\/de\/wp-json\/wp\/v2\/pages\/380\/revisions"}],"predecessor-version":[{"id":507,"href":"https:\/\/www.nuovacagifer.it\/de\/wp-json\/wp\/v2\/pages\/380\/revisions\/507"}],"wp:attachment":[{"href":"https:\/\/www.nuovacagifer.it\/de\/wp-json\/wp\/v2\/media?parent=380"}],"curies":[{"name":"wp","href":"https:\/\/api.w.org\/{rel}","templated":true}]}}